{"id":778,"date":"2021-08-05T00:51:28","date_gmt":"2021-08-05T00:51:28","guid":{"rendered":"https:\/\/www.kutlucansigorta.com\/tr\/?page_id=778"},"modified":"2021-08-05T00:51:49","modified_gmt":"2021-08-05T00:51:49","slug":"hakkimizda","status":"publish","type":"page","link":"https:\/\/www.kutlucansigorta.com\/tr\/hakkimizda\/","title":{"rendered":"Hakk\u0131m\u0131zda"},"content":{"rendered":"<div id='av_section_1'  class='avia-section main_color avia-section-small avia-no-border-styling  avia-bg-style-scroll  avia-builder-el-0  el_before_av_section  avia-builder-el-first   container_wrap sidebar_right' style='background-color: #003293;  '  ><div class='container' ><main  role=\"main\" itemprop=\"mainContentOfPage\"  class='template-page content  av-content-small alpha units'><div class='post-entry post-entry-type-page post-entry-778'><div class='entry-content-wrapper clearfix'>\n<\/div><\/div><\/main><!-- close content main element --><\/div><\/div><div id='iletisim'  class='avia-section main_color avia-section-small avia-no-border-styling  avia-bg-style-scroll  avia-builder-el-1  el_after_av_section  avia-builder-el-last   container_wrap sidebar_right' style='background-color: #e5e5e5; background-image: linear-gradient(#ffffff,#efefef); '  ><div class='container' ><div class='template-page content  av-content-small alpha units'><div class='post-entry post-entry-type-page post-entry-778'><div class='entry-content-wrapper clearfix'>\n<div class=\"flex_column av_one_half  flex_column_div av-zero-column-padding first  avia-builder-el-2  el_before_av_one_half  avia-builder-el-first  \" style='border-radius:0px; '><div  class='avia-image-container  av-styling-    avia-builder-el-3  avia-builder-el-no-sibling  avia-align-center '  itemprop=\"image\" itemscope=\"itemscope\" itemtype=\"https:\/\/schema.org\/ImageObject\"  ><div class='avia-image-container-inner'><div class='avia-image-overlay-wrap'><img decoding=\"async\" class='wp-image-731 avia-img-lazy-loading-not-731 avia_image' src=\"https:\/\/www.kutlucansigorta.com\/tr\/wp-content\/uploads\/2021\/08\/kutlucan-sigorta-bursa-001245.jpg\" alt='' title='' height=\"898\" width=\"850\"  itemprop=\"thumbnailUrl\" srcset=\"https:\/\/www.kutlucansigorta.com\/tr\/wp-content\/uploads\/2021\/08\/kutlucan-sigorta-bursa-001245.jpg 850w, https:\/\/www.kutlucansigorta.com\/tr\/wp-content\/uploads\/2021\/08\/kutlucan-sigorta-bursa-001245-284x300.jpg 284w, https:\/\/www.kutlucansigorta.com\/tr\/wp-content\/uploads\/2021\/08\/kutlucan-sigorta-bursa-001245-768x811.jpg 768w, https:\/\/www.kutlucansigorta.com\/tr\/wp-content\/uploads\/2021\/08\/kutlucan-sigorta-bursa-001245-667x705.jpg 667w\" sizes=\"(max-width: 850px) 100vw, 850px\" \/><\/div><\/div><\/div><\/div><div class=\"flex_column av_one_half  flex_column_div av-zero-column-padding   avia-builder-el-4  el_after_av_one_half  avia-builder-el-last  \" style='border-radius:0px; '><p><div  style='padding-bottom:0px; margin:0 0 0.7em 0; font-size:53px;' class='av-special-heading av-special-heading-h3  blockquote modern-quote  avia-builder-el-5  el_before_av_textblock  avia-builder-el-first  av-inherit-size '><h3 class='av-special-heading-tag '  itemprop=\"headline\"  >Hakk\u0131m\u0131zda<\/h3><div class='special-heading-border'><div class='special-heading-inner-border' ><\/div><\/div><\/div><br \/>\n<section class=\"av_textblock_section \"  itemscope=\"itemscope\" itemtype=\"https:\/\/schema.org\/CreativeWork\" ><div class='avia_textblock  '   itemprop=\"text\" ><p>Kutlucan Sigorta olarak, Bursa&#8217;da Nil\u00fcfer il\u00e7esinde, sekt\u00f6r\u00fcn g\u00fc\u00e7l\u00fc ve etkin kurulu\u015flar\u0131ndan ald\u0131\u011f\u0131m\u0131z g\u00fc\u00e7le sizlere kusursuz bir hizmet vermek i\u00e7in \u00e7al\u0131\u015f\u0131yoruz.<\/p>\n<p>Profesyonel sigortac\u0131l\u0131k hizmetlerini, uzman kadromuzla m\u00fc\u015fterilerimizin ihtiya\u00e7lar\u0131 do\u011frultusunda, en h\u0131zl\u0131 ve kaliteli hizmet anlay\u0131\u015f\u0131m\u0131z do\u011frultusunda sizlere sunuyoruz.<\/p>\n<p>Kuruldu\u011fumuz g\u00fcnden bu yana m\u00fc\u015fterilerimizin memnuniyeti ve en h\u0131zl\u0131 \u015fekilde i\u015flemlerinin ger\u00e7ekle\u015fmesi ad\u0131na en g\u00fcncel ve modern hizmeti almas\u0131 i\u00e7in \u00e7al\u0131\u015ft\u0131k ve ayn\u0131 hassasiyet ile sizlere hizmet vermeye devam ediyoruz.<\/p>\n<\/div><\/section><\/p><\/div><\/div><\/div><\/div><!-- close content main div --><\/div><\/div><div id='after_section_2'  class='main_color av_default_container_wrap container_wrap sidebar_right' style=' '  ><div class='container' ><div class='template-page content  av-content-small alpha units'><div class='post-entry post-entry-type-page post-entry-778'><div class='entry-content-wrapper clearfix'>\n","protected":false},"excerpt":{"rendered":"","protected":false},"author":1,"featured_media":0,"parent":0,"menu_order":0,"comment_status":"closed","ping_status":"closed","template":"","meta":{"footnotes":""},"class_list":["post-778","page","type-page","status-publish","hentry"],"_links":{"self":[{"href":"https:\/\/www.kutlucansigorta.com\/tr\/wp-json\/wp\/v2\/pages\/778","targetHints":{"allow":["GET"]}}],"collection":[{"href":"https:\/\/www.kutlucansigorta.com\/tr\/wp-json\/wp\/v2\/pages"}],"about":[{"href":"https:\/\/www.kutlucansigorta.com\/tr\/wp-json\/wp\/v2\/types\/page"}],"author":[{"embeddable":true,"href":"https:\/\/www.kutlucansigorta.com\/tr\/wp-json\/wp\/v2\/users\/1"}],"replies":[{"embeddable":true,"href":"https:\/\/www.kutlucansigorta.com\/tr\/wp-json\/wp\/v2\/comments?post=778"}],"version-history":[{"count":2,"href":"https:\/\/www.kutlucansigorta.com\/tr\/wp-json\/wp\/v2\/pages\/778\/revisions"}],"predecessor-version":[{"id":780,"href":"https:\/\/www.kutlucansigorta.com\/tr\/wp-json\/wp\/v2\/pages\/778\/revisions\/780"}],"wp:attachment":[{"href":"https:\/\/www.kutlucansigorta.com\/tr\/wp-json\/wp\/v2\/media?parent=778"}],"curies":[{"name":"wp","href":"https:\/\/api.w.org\/{rel}","templated":true}]}}