{"id":755,"date":"2021-08-05T00:39:24","date_gmt":"2021-08-05T00:39:24","guid":{"rendered":"https:\/\/www.kutlucansigorta.com\/tr\/?page_id=755"},"modified":"2021-08-05T00:39:24","modified_gmt":"2021-08-05T00:39:24","slug":"tarim-sigortasi","status":"publish","type":"page","link":"https:\/\/www.kutlucansigorta.com\/tr\/tarim-sigortasi\/","title":{"rendered":"Tar\u0131m Sigortas\u0131"},"content":{"rendered":"<div id='av_section_1'  class='avia-section main_color avia-section-small avia-no-border-styling  avia-bg-style-scroll  avia-builder-el-0  el_before_av_one_full  avia-builder-el-first   container_wrap sidebar_right' style='background-color: #003293;  '  ><div class='container' ><main  role=\"main\" itemprop=\"mainContentOfPage\"  class='template-page content  av-content-small alpha units'><div class='post-entry post-entry-type-page post-entry-755'><div class='entry-content-wrapper clearfix'><\/div><\/div><\/main><!-- close content main element --><\/div><\/div><div id='after_section_1'  class='main_color av_default_container_wrap container_wrap sidebar_right' style=' '  ><div class='container' ><div class='template-page content  av-content-small alpha units'><div class='post-entry post-entry-type-page post-entry-755'><div class='entry-content-wrapper clearfix'>\n<div class=\"flex_column av_one_full  flex_column_div av-zero-column-padding first  avia-builder-el-1  el_after_av_section  avia-builder-el-no-sibling  \" style='border-radius:0px; '><p><div  style='padding-bottom:0px; margin:0 0 0.7em 0; font-size:53px;' class='av-special-heading av-special-heading-h3  blockquote modern-quote  avia-builder-el-2  el_before_av_textblock  avia-builder-el-first  av-inherit-size '><h3 class='av-special-heading-tag '  itemprop=\"headline\"  >Tar\u0131m Sigortas\u0131<\/h3><div class='special-heading-border'><div class='special-heading-inner-border' ><\/div><\/div><\/div><br \/>\n<section class=\"av_textblock_section \"  itemscope=\"itemscope\" itemtype=\"https:\/\/schema.org\/CreativeWork\" ><div class='avia_textblock  '   itemprop=\"text\" ><p>T\u00fcm ihtiya\u00e7lara hitap eden Tar\u0131m Sigortas\u0131\u00a0se\u00e7enekleri ile Allianz, \u00e7ift\u00e7iyi ve \u00fcreticiyi risklere kar\u015f\u0131 koruyor. Siz de geni\u015f \u00fcr\u00fcn se\u00e7eneklerimizden ihtiyac\u0131n\u0131za en uygun \u00fcr\u00fcnleri se\u00e7ebilirsiniz.<\/p>\n<p><strong>Bitkisel \u00dcr\u00fcn Sigortalar\u0131<\/strong><\/p>\n<p>Bu sigorta ile Tar\u0131m Sigortalar\u0131 Havuzu, Bakanlar Kurulu karar\u0131 ile kapsama al\u0131nan risklerin, \u00c7ift\u00e7i Kay\u0131t Sistemine kay\u0131tl\u0131 olan parsellerde yeti\u015ftirilen bitkisel \u00fcr\u00fcnlerde, meyve a\u011fa\u00e7lar\u0131 ve asmalar\u0131n kendileri ile fidanlar\u0131nda, ba\u011f ve meyve bah\u00e7eleri i\u00e7in dolu a\u011f\u0131 ve \u00f6rt\u00fc sistemlerinde; do\u011frudan neden olaca\u011f\u0131 maddi zararlar\u0131 sigorta bedeline kadar teminat alt\u0131na al\u0131r.<\/p>\n<p><strong>Poli\u00e7e Teminatlar\u0131m\u0131z<\/strong><\/p>\n<ul>\n<li>Dolu, f\u0131rt\u0131na, hortum, yang\u0131n, deprem, heyelan, sel ve su bask\u0131n\u0131n\u0131n \u00fcr\u00fcnlerde neden oldu\u011fu miktar kayb\u0131<\/li>\n<li>Dolunun ya\u015f meyve, ya\u015f sebze ve kesme \u00e7i\u00e7eklerde neden oldu\u011fu kalite kayb\u0131<\/li>\n<\/ul>\n<p><strong>\u0130ste\u011fe Ba\u011fl\u0131 Se\u00e7ebilece\u011finiz Teminatlar\u0131m\u0131z<\/strong><\/p>\n<ul>\n<li>Don riskinin ya\u015f meyvelerde neden oldu\u011fu miktar kayb\u0131<\/li>\n<li>Dolu, dolu a\u011f\u0131rl\u0131\u011f\u0131, f\u0131rt\u0131na, hortum, yang\u0131n, deprem, heyelan, sel ve su bask\u0131n\u0131 risklerinin dolu a\u011f\u0131 ve \u00f6rt\u00fc sistemleri ile bu sistemlerin alt\u0131nda bulunan \u00fcr\u00fcnde neden oldu\u011fu zararlar<\/li>\n<li>Yaban domuzunun tarla \u00fcr\u00fcnlerinde, sebzelerde, fidanlarda ve \u00e7ilekte neden oldu\u011fu miktar kayb\u0131<\/li>\n<li>Ya\u011fmur riskinin, kirazda olgunla\u015fma d\u00f6neminde neden oldu\u011fu miktar kayb\u0131<\/li>\n<li>Dolu, f\u0131rt\u0131na, hortum, yang\u0131n, deprem, heyelan, sel ve su bask\u0131n\u0131 risklerinin, arpa, bu\u011fday, \u00e7avdar, tritikale ve yulaf \u00fcr\u00fcnleri ile bu \u00fcr\u00fcnlerin sertifikal\u0131 tohumluklar\u0131n\u0131n sap k\u0131sm\u0131nda neden oldu\u011fu miktar kayb\u0131<\/li>\n<li>Dolu, f\u0131rt\u0131na, hortum, yang\u0131n, deprem, heyelan, sel ve su bask\u0131n\u0131 risklerinin, salamural\u0131k yaprak \u00fcretimi yap\u0131lan asmalar\u0131n yapraklar\u0131nda neden oldu\u011fu miktar kayb\u0131<\/li>\n<\/ul>\n<p><strong>Sera\u00a0Sigortalar\u0131<\/strong><\/p>\n<p>Bu sigorta ile, Bakanlar Kurulu karar\u0131 ile kapsama al\u0131nan risklerin, \u00d6rt\u00fc Alt\u0131 Kay\u0131t Sistemine uygun olarak, kay\u0131t alt\u0131na al\u0131nan ve risk de\u011ferlendirmesi sonucunda sigortaya kabul\u00fc uygun g\u00f6r\u00fclen seralara ve i\u00e7indeki \u00fcr\u00fcnlere; poli\u00e7ede belirtilen risklerin, do\u011frudan neden olaca\u011f\u0131 maddi zararlar, sigorta bedeline kadar, teminat alt\u0131na al\u0131nm\u0131\u015ft\u0131r.<\/p>\n<p><strong>Poli\u00e7e Teminatlar\u0131m\u0131z<\/strong><\/p>\n<ul>\n<li>Bu sigorta ile risk inceleme-de\u011ferlendirme sonucuna g\u00f6re dolu, deprem, ta\u015f\u0131t \u00e7arpmas\u0131 ile f\u0131rt\u0131na, hortum, yang\u0131n, heyelan, sel ve su bask\u0131n\u0131, kar ve dolu a\u011f\u0131rl\u0131\u011f\u0131 riskleri, teminat kapsam\u0131na al\u0131nmaktad\u0131r.<\/li>\n<li>Y\u00fcksek t\u00fcneller i\u00e7in sadece i\u00e7indeki \u00fcr\u00fcn\u00fcn ve plastik \u00f6rt\u00fcs\u00fcn\u00fcn; dolu, f\u0131rt\u0131na, hortum, yang\u0131n, heyelan, deprem ile sel ve su bask\u0131n\u0131 risklerine kar\u015f\u0131 sigortas\u0131 yap\u0131l\u0131r.<\/li>\n<\/ul>\n<p><strong>B\u00fcy\u00fckba\u015f Hayvan Hayat\u00a0Sigortalar\u0131<\/strong><\/p>\n<p>Bu sigorta ile, Bakanlar Kurulu karar\u0131 ile kapsama al\u0131nan Hayvanc\u0131l\u0131k Bilgi Sistemine (HAYB\u0130S) kay\u0131tl\u0131 b\u00fcy\u00fckba\u015f hayvanlarda meydana gelen zararlar Genel \u015eartlar&#8217;a g\u00f6re kar\u015f\u0131lan\u0131r.<\/p>\n<p><strong>Poli\u00e7e Teminatlar\u0131m\u0131z<\/strong><\/p>\n<p><strong>a)\u00a0<\/strong>Bu sigorta, i\u015fletmede yer alan sigortalanabilir nitelikteki t\u00fcm hayvanlar\u0131n sigortalanmas\u0131 ko\u015fulu ile sigortal\u0131 b\u00fcy\u00fckba\u015f hayvanlarda:<\/p>\n<ul>\n<li>Genel \u015eartlar&#8217;da A.3 maddesinin (a) f\u0131kras\u0131nda belirtilen hastal\u0131klar hari\u00e7 olmak \u00fczere, her t\u00fcrl\u00fc hayvan hastal\u0131klar\u0131 ve gebelik, do\u011fum veya cerrahi m\u00fcdahale,<\/li>\n<li>Her t\u00fcrl\u00fc kaza, y\u0131lan ve b\u00f6cek sokmas\u0131<\/li>\n<li>Zehirli \u00e7ay\u0131r otlar\u0131 ve yem\u2019e ba\u011fl\u0131 zehirlenmeler<\/li>\n<li>Her t\u00fcrl\u00fc do\u011fal afetler ve g\u00fcne\u015f \u00e7arpmas\u0131 ile<\/li>\n<li>Yang\u0131n veya infil\u00e2k<\/li>\n<\/ul>\n<p>sebebiyle meydana gelen \u00f6l\u00fcmler ve mecburi kesimler sonucu sigortal\u0131n\u0131n do\u011frudan u\u011frad\u0131\u011f\u0131 maddi zarar\u0131 temin eder.<\/p>\n<p><strong>b)\u00a0<\/strong>\u0130\u015fletmede yer alan sigortalanabilir nitelikteki t\u00fcm hayvanlar\u0131n sigortalanmas\u0131 ko\u015fuluyla poli\u00e7ede belirlenen sigortal\u0131 yerde<\/p>\n<ul>\n<li>k\u0131rma, delme, y\u0131kma, devirme ve zorlamayla girilerek,<\/li>\n<li>ara\u00e7, gere\u00e7 veya bedeni \u00e7eviklik sayesinde t\u0131rmanma veya a\u015fma suretiyle girilerek,<\/li>\n<li>kaybolan, \u00e7al\u0131nan veya haks\u0131z yere elde edilen as\u0131l anahtarla veya anahtar uydurarak veya ba\u015fka aletler veya \u015fifre yard\u0131m\u0131yla kilit a\u00e7ma suretiyle girilerek,<\/li>\n<li>sigortal\u0131 yerlere gizlice girip saklanarak veya kapanarak,<\/li>\n<li>\u00f6ld\u00fcrme, yaralama, zor ve \u015fiddet kullanma veya tehditle<\/li>\n<\/ul>\n<p>yap\u0131lan h\u0131rs\u0131zl\u0131k veya h\u0131rs\u0131zl\u0131\u011fa te\u015febb\u00fcs nedeniyle sigortal\u0131 hayvanlarda do\u011frudan meydana gelen zararlar ile sigortal\u0131 hayvanlar\u0131n poli\u00e7ede belirtilen adresteki tesis ile sigortal\u0131 taraf\u0131ndan bildirilen ve Tar\u0131m Sigortalar\u0131 Havuzu taraf\u0131ndan kabul edilen mera veya meralar aras\u0131ndaki nakliyesi esnas\u0131nda veya buralardayken yap\u0131lan h\u0131rs\u0131zl\u0131k veya h\u0131rs\u0131zl\u0131\u011fa te\u015febb\u00fcs nedeniyle sigortal\u0131 hayvanlarda do\u011frudan meydana gelen zararlar iste\u011fe ba\u011fl\u0131 ek teminat olarak kapsama al\u0131n\u0131r.<\/p>\n<p><strong>c)\u00a0<\/strong>Yavru Atma Teminat\u0131 Kapsam\u0131<\/p>\n<p>Bu teminat, sigortal\u0131 b\u00fcy\u00fckba\u015f hayvanlarda,<\/p>\n<ul>\n<li>Teminat kapsam\u0131ndaki her t\u00fcrl\u00fc adi ve bula\u015f\u0131c\u0131 hastal\u0131klar nedeni ile Tar\u0131m Sigortalar\u0131 Havuzu eksperi taraf\u0131ndan tespit edilen yavru atmalar,<\/li>\n<li>G\u00fc\u00e7 do\u011fum sebebiyle yavrunun geli\u015f pozisyonundaki bozukluklara ba\u011fl\u0131 olarak, veteriner hekim taraf\u0131ndan yap\u0131lan m\u00fcdahale sonucu yavrunun \u00f6l\u00fc al\u0131nmas\u0131,<\/li>\n<li>Do\u011fum esnas\u0131nda, yavrunun normalden b\u00fcy\u00fck olmas\u0131 sebebiyle kanaldan \u00e7\u0131kamad\u0131\u011f\u0131 ve anan\u0131n hayat\u0131n\u0131 tehdit etmesi hallerinde, anan\u0131n sa\u011f kalmas\u0131n\u0131 temin etmek amac\u0131yla yavrunun par\u00e7alanarak \u00f6l\u00fc al\u0131nmas\u0131 ile<\/li>\n<li>Yavrunun do\u011fumunu m\u00fcteakip 7 g\u00fcn i\u00e7erisinde teminat kapsam\u0131ndaki herhangi bir adi veya bula\u015f\u0131c\u0131 hastal\u0131klardan \u00f6lmesi,<\/li>\n<\/ul>\n<p>sonucu sigortal\u0131n\u0131n do\u011frudan u\u011frayaca\u011f\u0131 maddi zararlar\u0131 kapsar.<\/p>\n<p><strong>K\u00fc\u00e7\u00fckba\u015f Hayvan Hayat\u00a0Sigortalar\u0131<\/strong><\/p>\n<p>Bu sigorta ile, Bakanlar Kurulu karar\u0131 ile kapsama al\u0131nan Hayvanc\u0131l\u0131k Bilgi Sistemine (HAYB\u0130S) kay\u0131tl\u0131 k\u00fc\u00e7\u00fckba\u015f hayvanlarda meydana gelen zararlar, Genel \u015eartlar&#8217;a\u00a0g\u00f6re kar\u015f\u0131lan\u0131r.<\/p>\n<p><strong>Poli\u00e7e Teminatlar\u0131m\u0131z<\/strong><\/p>\n<p>Bu sigorta, i\u015fletmede yer alan sigortalanabilir nitelikteki t\u00fcm hayvanlar\u0131n sigortalanmas\u0131 ko\u015fulu ile sigortal\u0131 k\u00fc\u00e7\u00fckba\u015f hayvanlarda;<\/p>\n<ul>\n<li>Her t\u00fcrl\u00fc kaza, vah\u015fi hayvan sald\u0131r\u0131s\u0131, y\u0131lan ve b\u00f6cek sokmas\u0131,<\/li>\n<li>Zehirli \u00e7ay\u0131r otlar\u0131 ve yem\u2019e ba\u011fl\u0131 zehirlenmeler,<\/li>\n<li>Her t\u00fcrl\u00fc do\u011fal afetler ve g\u00fcne\u015f \u00e7arpmas\u0131,<\/li>\n<li>Yang\u0131n veya infil\u00e2k sebebiyle, meydana gelen \u00f6l\u00fcmler ve mecburi kesimler,<\/li>\n<\/ul>\n<p>nedeniyle sigortal\u0131n\u0131n, do\u011frudan do\u011fruya u\u011frad\u0131\u011f\u0131 maddi zarar\u0131 temin eder.<\/p>\n<p><strong>\u0130ste\u011fe Ba\u011fl\u0131 Se\u00e7ebilece\u011finiz Teminatlar\u0131m\u0131z<\/strong><\/p>\n<p>\u0130\u015fletmede yer alan sigortalanabilir nitelikteki t\u00fcm hayvanlar\u0131n sigortalanmas\u0131 ko\u015fuluyla; poli\u00e7ede belirlenen sigortal\u0131 yerde<\/p>\n<ul>\n<li>k\u0131rma, delme, y\u0131kma, devirme ve zorlamayla girilerek,<\/li>\n<li>ara\u00e7, gere\u00e7 veya bedeni \u00e7eviklik sayesinde t\u0131rmanma veya a\u015fma suretiyle girilerek,<\/li>\n<li>kaybolan, \u00e7al\u0131nan veya haks\u0131z yere elde edilen as\u0131l anahtarla veya anahtar uydurarak veya ba\u015fka aletler veya \u015fifre yard\u0131m\u0131yla kilit a\u00e7ma suretiyle girilerek,<\/li>\n<li>sigortal\u0131 yerlere gizlice girip saklanarak veya kapanarak,<\/li>\n<li>\u00f6ld\u00fcrme, yaralama, zor ve \u015fiddet kullanma veya tehditle<\/li>\n<\/ul>\n<p>yap\u0131lan h\u0131rs\u0131zl\u0131k veya h\u0131rs\u0131zl\u0131\u011fa te\u015febb\u00fcs nedeniyle sigortal\u0131 hayvanlarda do\u011frudan meydana gelen zararlar ile sigortal\u0131 hayvanlar\u0131n poli\u00e7ede belirtilen adresteki tesis ile sigortal\u0131 taraf\u0131ndan bildirilen ve Tar\u0131m Sigortalar\u0131 Havuzu taraf\u0131ndan kabul edilen mera veya meralar aras\u0131ndaki nakliyesi esnas\u0131nda veya buralardayken yap\u0131lan h\u0131rs\u0131zl\u0131k veya h\u0131rs\u0131zl\u0131\u011fa te\u015febb\u00fcs nedeniyle sigortal\u0131 hayvanlarda do\u011frudan meydana gelen zararlar iste\u011fe ba\u011fl\u0131 ek teminat olarak ek prim al\u0131narak poli\u00e7e kapsam\u0131na dahil edilir.<\/p>\n<p><strong>K\u00fcmes Hayvanlar\u0131 Hayat Sigortalar\u0131<\/strong><\/p>\n<p>Bu sigorta ile, Bakanlar Kurulu karar\u0131 ile kapsama al\u0131nan, Hayvanc\u0131l\u0131k Bilgi Sistemine (HAYB\u0130S) kay\u0131tl\u0131 bio g\u00fcvenlik ve hijyen tedbirleri al\u0131nm\u0131\u015f, kapal\u0131 tesislerde yeti\u015ftirilen k\u00fcmes hayvanlar\u0131 ile a\u00e7\u0131k ve yar\u0131 a\u00e7\u0131k sistemde yeti\u015ftirilen k\u00fcmes hayvanlar\u0131na gelen zararlar Genel \u015eartlar&#8217;a g\u00f6re kar\u015f\u0131lan\u0131r.<\/p>\n<p><strong>Poli\u00e7e Teminatlar\u0131m\u0131z<\/strong><\/p>\n<p>Bu sigorta ile teminat verilen k\u00fcmes hayvanlar\u0131nda:<\/p>\n<ul>\n<li>Her t\u00fcrl\u00fc kaza ve zehirlenmeler,<\/li>\n<li>Hortum, f\u0131rt\u0131na, deprem, heyelan ile sel ve su bask\u0131n\u0131,<\/li>\n<li>Yang\u0131n veya infil\u00e2k sebebiyle, meydana gelen \u00f6l\u00fcmler ve mecburi kesimler<\/li>\n<\/ul>\n<p>nedeniyle, sigortal\u0131n\u0131n do\u011frudan do\u011fruya u\u011frad\u0131\u011f\u0131 maddi zararlar teminat alt\u0131na al\u0131n\u0131r.<\/p>\n<p><strong>Su \u00dcr\u00fcnleri Hayat\u00a0Sigortalar\u0131<\/strong><\/p>\n<p>Bu sigorta ile, Bakanlar Kurulu karar\u0131 ile belirlenen kapsam d\u00e2hilinde, Su \u00dcr\u00fcnleri Kay\u0131t Sistemine kay\u0131tl\u0131 tesislerde yeti\u015ftiricili\u011fi yap\u0131lan su \u00fcr\u00fcnleri t\u00fcrleri ile kafes ve a\u011flarda meydana gelen zararlar Genel \u015eartlar&#8217;a g\u00f6re kar\u015f\u0131lan\u0131r.<\/p>\n<p><strong>Poli\u00e7e Teminatlar\u0131m\u0131z<\/strong><\/p>\n<p><strong>a)<\/strong>\u00a0Bu sigorta, sigortaya kabul edilen su \u00fcr\u00fcnlerinde,<\/p>\n<ul>\n<li>Genel \u015eartlar&#8217;da A.3 maddesinin (a ve b) f\u0131kras\u0131nda belirtilen hastal\u0131klar hari\u00e7 olmak \u00fczere, her t\u00fcrl\u00fc hastal\u0131k,<\/li>\n<li>Yeti\u015ftiricinin kontrol\u00fc d\u0131\u015f\u0131ndaki kirlenme ve zehirlenmeler,<\/li>\n<li>F\u0131rt\u0131na, hortum, deprem, sel ve su bask\u0131n\u0131 riskleri,<\/li>\n<li>Kazalar,<\/li>\n<li>Predat\u00f6rler,<\/li>\n<li>Alg patlamas\u0131<\/li>\n<\/ul>\n<p>nedeniyle meydana gelen \u00f6l\u00fcmler ve fiziksel kay\u0131plar sonucu, sigortal\u0131n\u0131n do\u011frudan u\u011frad\u0131\u011f\u0131 maddi zarar\u0131 temin eder.<\/p>\n<p><strong>b)<\/strong>\u00a0Bu sigorta, sigortaya kabul edilen kafes ve a\u011flar\u0131nda,<\/p>\n<ul>\n<li>F\u0131rt\u0131na, hortum, deprem, sel ve su bask\u0131n\u0131 riskleri,<\/li>\n<li>Kazalar,<\/li>\n<li>Predat\u00f6rler,<\/li>\n<\/ul>\n<p>nedeniyle meydana gelen maddi zarar\u0131 temin eder.<\/p>\n<p><strong>c)<\/strong>\u00a0Teminat Kapsam\u0131ndaki Stok Geli\u015fme D\u00f6nemi<\/p>\n<p>Yumurta ve larva d\u00f6nemindeki su \u00fcr\u00fcnleri stoklar\u0131, teminat kapsam\u0131 d\u0131\u015f\u0131nda olup, teminat; alabal\u0131klar, \u00e7ipura, levrek, sinarit, grany\u00f6z, k\u0131rm\u0131z\u0131 bantl\u0131 mercan, sargoz, sivriburun karag\u00f6z, minakop, antenli mercan, mandag\u00f6z mercan, litrini mercan, tran\u00e7a ve mersin bal\u0131klar\u0131 i\u00e7in 5 gr b\u00fcy\u00fckl\u00fc\u011fe ula\u015ft\u0131ktan sonra ba\u015flar. Bunlar\u0131n d\u0131\u015f\u0131ndaki t\u00fcrlerde, teminat\u0131n ba\u015flama evresi, Tar\u0131m Sigortalar\u0131 Havuzu Y\u00f6netim Kurulu taraf\u0131ndan belirlenir.<\/p>\n<p><strong>Ar\u0131c\u0131l\u0131k (Ar\u0131l\u0131 Kovan) Sigortalar\u0131<\/strong><\/p>\n<p>Bu sigorta ile, Bakanlar Kurulu karar\u0131 ile kapsama al\u0131nan riskler sebebiyle, Hayvanc\u0131l\u0131k Bilgi Sistemi (HAYB\u0130S) ve Ar\u0131c\u0131l\u0131k Kay\u0131t Sistemine (AKS) kay\u0131tl\u0131 olan aktif (i\u00e7inde ar\u0131 olan), plakal\u0131, modern kovan niteli\u011findeki kovanlarda meydana gelen zararlar Genel \u015eartlar&#8217;a\u00a0g\u00f6re kar\u015f\u0131lan\u0131r.<\/p>\n<p><strong>Poli\u00e7e Teminatlar\u0131m\u0131z<\/strong><\/p>\n<p><strong>a)<\/strong>\u00a0Bu sigorta, aktif (i\u00e7inde ar\u0131 olan) kovanlar\u0131n;<\/p>\n<ul>\n<li>F\u0131rt\u0131na<\/li>\n<li>Hortum<\/li>\n<li>Yang\u0131n<\/li>\n<li>Heyelan<\/li>\n<li>Deprem<\/li>\n<li>Ta\u015f\u0131t \u00c7arpmas\u0131<\/li>\n<li>Sel ve Su Bask\u0131n\u0131<\/li>\n<li>Vah\u015fi Hayvan Sald\u0131r\u0131s\u0131<\/li>\n<li>Kovanlar\u0131n nakliyesi esnas\u0131nda \u00e7arpma, \u00e7arp\u0131\u015fma, devrilme, yanma vb.<\/li>\n<\/ul>\n<p>nedenler sonucu do\u011frudan do\u011fruya u\u011frad\u0131\u011f\u0131 zarar\u0131 temin eder.<\/p>\n<p><strong>b)<\/strong>\u00a0Kovan sigorta bedeline ar\u0131 kolonisi d\u00e2hildir.<\/p>\n<p><strong>\u0130l\u00e7e Bazl\u0131 Kurakl\u0131k Verim Sigortalar\u0131<\/strong><\/p>\n<p>Bu sigorta ile Tar\u0131m Sigortalar\u0131 Havuzu, Bakanlar Kurulu karar\u0131 ile kapsama al\u0131nan risklerin, \u00c7ift\u00e7i Kay\u0131t Sistemine (\u00c7KS) kay\u0131tl\u0131 kuru tar\u0131m alanlar\u0131nda \u00fcretimi yap\u0131lan bu\u011fday \u00fcr\u00fcn\u00fcnde il\u00e7e genelinde do\u011frudan neden olaca\u011f\u0131 verim kayb\u0131, T\u00fcrkiye \u0130statistik Kurumunun (T\u00dc\u0130K) ilan etti\u011fi il\u00e7e baz\u0131nda verim de\u011ferleri esas al\u0131narak tespit edilen il\u00e7enin e\u015fik verim de\u011ferine kadar teminat alt\u0131na al\u0131r. Sigortal\u0131n\u0131n poli\u00e7ede belirtilen parseline \u00f6zg\u00fc verim kay\u0131p talepleri dikkate al\u0131nmaz.<\/p>\n<p><strong>Poli\u00e7e Teminatlar\u0131m\u0131z<\/strong><\/p>\n<p><strong>a)<\/strong>\u00a0Teminat Kapsam\u0131nda Olan Haller<\/p>\n<p>Bu sigorta ile, kurakl\u0131k, don, s\u0131cak r\u00fczgar ve s\u0131cak hava dalgas\u0131, a\u015f\u0131r\u0131 nem, a\u015f\u0131r\u0131 ya\u011f\u0131\u015f ile dolu paketi (dolu, f\u0131rt\u0131na, hortum, yang\u0131n, heyelan, sel ve su bask\u0131n\u0131, deprem) d\u0131\u015f\u0131ndaki risklerin \u00fcr\u00fcnlerde neden oldu\u011fu verim kayb\u0131 teminat kapsam\u0131na al\u0131nmaktad\u0131r.<\/p>\n<p><strong>b)<\/strong>\u00a0Teminat Kapsam\u0131ndaki \u00dcr\u00fcnler<\/p>\n<p>Kuru tar\u0131m alanlar\u0131nda \u00fcretimi yap\u0131lan bu\u011fday ve bu\u011fday (sertifikal\u0131 tohumluk) \u00fcr\u00fcn\u00fc teminat kapsam\u0131ndad\u0131r. Bu \u00fcr\u00fcnlerin sap k\u0131sm\u0131 iste\u011fe ba\u011fl\u0131 olarak teminat kapsam\u0131na al\u0131n\u0131r.<\/p>\n<\/div><\/section><\/p><\/div>\n","protected":false},"excerpt":{"rendered":"","protected":false},"author":1,"featured_media":0,"parent":0,"menu_order":0,"comment_status":"closed","ping_status":"closed","template":"","meta":{"footnotes":""},"class_list":["post-755","page","type-page","status-publish","hentry"],"_links":{"self":[{"href":"https:\/\/www.kutlucansigorta.com\/tr\/wp-json\/wp\/v2\/pages\/755","targetHints":{"allow":["GET"]}}],"collection":[{"href":"https:\/\/www.kutlucansigorta.com\/tr\/wp-json\/wp\/v2\/pages"}],"about":[{"href":"https:\/\/www.kutlucansigorta.com\/tr\/wp-json\/wp\/v2\/types\/page"}],"author":[{"embeddable":true,"href":"https:\/\/www.kutlucansigorta.com\/tr\/wp-json\/wp\/v2\/users\/1"}],"replies":[{"embeddable":true,"href":"https:\/\/www.kutlucansigorta.com\/tr\/wp-json\/wp\/v2\/comments?post=755"}],"version-history":[{"count":1,"href":"https:\/\/www.kutlucansigorta.com\/tr\/wp-json\/wp\/v2\/pages\/755\/revisions"}],"predecessor-version":[{"id":756,"href":"https:\/\/www.kutlucansigorta.com\/tr\/wp-json\/wp\/v2\/pages\/755\/revisions\/756"}],"wp:attachment":[{"href":"https:\/\/www.kutlucansigorta.com\/tr\/wp-json\/wp\/v2\/media?parent=755"}],"curies":[{"name":"wp","href":"https:\/\/api.w.org\/{rel}","templated":true}]}}