{"id":753,"date":"2021-08-05T00:38:45","date_gmt":"2021-08-05T00:38:45","guid":{"rendered":"https:\/\/www.kutlucansigorta.com\/tr\/?page_id=753"},"modified":"2021-08-05T00:38:45","modified_gmt":"2021-08-05T00:38:45","slug":"saglik-sigortasi","status":"publish","type":"page","link":"https:\/\/www.kutlucansigorta.com\/tr\/saglik-sigortasi\/","title":{"rendered":"Sa\u011fl\u0131k Sigortas\u0131"},"content":{"rendered":"<div id='av_section_1'  class='avia-section main_color avia-section-small avia-no-border-styling  avia-bg-style-scroll  avia-builder-el-0  el_before_av_one_full  avia-builder-el-first   container_wrap sidebar_right' style='background-color: #003293;  '  ><div class='container' ><main  role=\"main\" itemprop=\"mainContentOfPage\"  class='template-page content  av-content-small alpha units'><div class='post-entry post-entry-type-page post-entry-753'><div class='entry-content-wrapper clearfix'><\/div><\/div><\/main><!-- close content main element --><\/div><\/div><div id='after_section_1'  class='main_color av_default_container_wrap container_wrap sidebar_right' style=' '  ><div class='container' ><div class='template-page content  av-content-small alpha units'><div class='post-entry post-entry-type-page post-entry-753'><div class='entry-content-wrapper clearfix'>\n<div class=\"flex_column av_one_full  flex_column_div av-zero-column-padding first  avia-builder-el-1  el_after_av_section  avia-builder-el-no-sibling  \" style='border-radius:0px; '><p><div  style='padding-bottom:0px; margin:0 0 0.7em 0; font-size:53px;' class='av-special-heading av-special-heading-h3  blockquote modern-quote  avia-builder-el-2  el_before_av_textblock  avia-builder-el-first  av-inherit-size '><h3 class='av-special-heading-tag '  itemprop=\"headline\"  >Sa\u011fl\u0131k Sigortas\u0131<\/h3><div class='special-heading-border'><div class='special-heading-inner-border' ><\/div><\/div><\/div><br \/>\n<section class=\"av_textblock_section \"  itemscope=\"itemscope\" itemtype=\"https:\/\/schema.org\/CreativeWork\" ><div class='avia_textblock  '   itemprop=\"text\" ><p>Sa\u011fl\u0131\u011f\u0131n\u0131z Do\u011fa Sigorta ile g\u00fcvende\u2026<\/p>\n<p><strong>Do\u011fru Ad\u0131m Tamamlay\u0131c\u0131 Sa\u011fl\u0131k Sigortas\u0131 nas\u0131l kullan\u0131l\u0131r?<\/strong><\/p>\n<ul>\n<li>Sigortal\u0131n\u0131n SGK ile anla\u015fmal\u0131 bir \u00f6zel hastaneye gitmesi,<\/li>\n<li>SGK ile anla\u015fmal\u0131 hastanede sigortal\u0131n\u0131n i\u015flemlerini ger\u00e7ekle\u015ftiren doktorun da SGK ile anla\u015fmal\u0131 olmas\u0131,<\/li>\n<li>SGK ile anla\u015fmal\u0131 olan hastane ile Do\u011fa Sigorta\u2019n\u0131n sigortal\u0131n\u0131n tedavi g\u00f6rece\u011fi bran\u015f ad\u0131na anla\u015fmas\u0131n\u0131n olmas\u0131,<\/li>\n<li>Tedavi talep edilen rahats\u0131zl\u0131\u011f\u0131n Do\u011fru Ad\u0131m Tamamlay\u0131c\u0131 Sa\u011fl\u0131k Sigorta poli\u00e7esi \u00f6zel \u015fartlar\u0131na ve sa\u011fl\u0131k sigortas\u0131 genel \u015fartlar\u0131na uygun olmas\u0131.<\/li>\n<li>D\u00fc\u015f\u00fck primlerle kaliteli ve h\u0131zl\u0131 sa\u011fl\u0131k hizmeti,<\/li>\n<li>Geni\u015f anla\u015fmal\u0131 kurum a\u011f\u0131<\/li>\n<li>Sa\u011fl\u0131k harcamalar\u0131na Do\u011fa Sigorta G\u00fcvencesi<\/li>\n<li>Yenileme Garantisi<\/li>\n<li>\u015eikayetlerinize h\u0131zl\u0131 \u00e7\u00f6z\u00fcm<\/li>\n<li>M\u00fc\u015fteri Odakl\u0131 Yakla\u015f\u0131m<\/li>\n<li>Kaliteli Hizmet Anlay\u0131\u015f\u0131<\/li>\n<\/ul>\n<p>Do\u011fa Sigorta Tamamlay\u0131c\u0131 Sa\u011fl\u0131k Sigortas\u0131, sizin ve ailenizin beklenmedik sa\u011fl\u0131k sorunlar\u0131nda hem SGK hem de Do\u011fa Sigorta ile anla\u015fmal\u0131 \u00f6zel hastanelerdeki fark \u00fccretlerinizi b\u00fct\u00e7enize uygun primlerle g\u00fcvence alt\u0131na al\u0131r.<\/p>\n<h4>Yabanc\u0131 Uyruklulara \u00d6zel &#8216;Turuncu Sa\u011fl\u0131k Sigortas\u0131&#8217;<\/h4>\n<p>Yabanc\u0131 uyruklu (T.C. vatanda\u015f\u0131 olmayan) ki\u015filerin k\u0131sa d\u00f6nem ikamet izinlerinde kullan\u0131lmak \u00fczere \u00e7\u0131kar\u0131lan \u201cTuruncu Sa\u011fl\u0131k Sigortas\u0131\u201d ile yabanc\u0131 uyruklu ki\u015filerin, sigorta s\u00fcresi i\u00e7inde bir hastal\u0131k ve\/veya kaza halinde, Sa\u011fl\u0131k Bakanl\u0131\u011f\u0131nca ruhsat verilmi\u015f her t\u00fcr \u00f6zel veya resmi sa\u011fl\u0131k kurulu\u015funda yatarak ve\/veya ayakta tedavisi i\u00e7in gerekli olan sa\u011fl\u0131k giderleri, poli\u00e7e de belirtilen teminat, limit ve \u00f6deme y\u00fczdesi do\u011frultusunda \u00f6zel ve genel \u015fartlara uygun olarak kar\u015f\u0131lan\u0131r.<\/p>\n<p>Bu poli\u00e7e 06.06.2014 tarih ve 9 say\u0131l\u0131 ikamet izni taleplerinde yapt\u0131r\u0131lacak \u00f6zel sa\u011fl\u0131k sigortalar\u0131na ili\u015fkin genelgede belirlenen asgari teminat yap\u0131s\u0131n\u0131 kapsamaktad\u0131r.<\/p>\n<\/div><\/section><\/p><\/div>\n","protected":false},"excerpt":{"rendered":"","protected":false},"author":1,"featured_media":0,"parent":0,"menu_order":0,"comment_status":"closed","ping_status":"closed","template":"","meta":{"footnotes":""},"class_list":["post-753","page","type-page","status-publish","hentry"],"_links":{"self":[{"href":"https:\/\/www.kutlucansigorta.com\/tr\/wp-json\/wp\/v2\/pages\/753","targetHints":{"allow":["GET"]}}],"collection":[{"href":"https:\/\/www.kutlucansigorta.com\/tr\/wp-json\/wp\/v2\/pages"}],"about":[{"href":"https:\/\/www.kutlucansigorta.com\/tr\/wp-json\/wp\/v2\/types\/page"}],"author":[{"embeddable":true,"href":"https:\/\/www.kutlucansigorta.com\/tr\/wp-json\/wp\/v2\/users\/1"}],"replies":[{"embeddable":true,"href":"https:\/\/www.kutlucansigorta.com\/tr\/wp-json\/wp\/v2\/comments?post=753"}],"version-history":[{"count":1,"href":"https:\/\/www.kutlucansigorta.com\/tr\/wp-json\/wp\/v2\/pages\/753\/revisions"}],"predecessor-version":[{"id":754,"href":"https:\/\/www.kutlucansigorta.com\/tr\/wp-json\/wp\/v2\/pages\/753\/revisions\/754"}],"wp:attachment":[{"href":"https:\/\/www.kutlucansigorta.com\/tr\/wp-json\/wp\/v2\/media?parent=753"}],"curies":[{"name":"wp","href":"https:\/\/api.w.org\/{rel}","templated":true}]}}