{"id":751,"date":"2021-08-05T00:38:10","date_gmt":"2021-08-05T00:38:10","guid":{"rendered":"https:\/\/www.kutlucansigorta.com\/tr\/?page_id=751"},"modified":"2021-08-05T00:38:10","modified_gmt":"2021-08-05T00:38:10","slug":"is-yeri-sigortasi","status":"publish","type":"page","link":"https:\/\/www.kutlucansigorta.com\/tr\/is-yeri-sigortasi\/","title":{"rendered":"\u0130\u015f Yeri Sigortas\u0131"},"content":{"rendered":"<div id='av_section_1'  class='avia-section main_color avia-section-small avia-no-border-styling  avia-bg-style-scroll  avia-builder-el-0  el_before_av_one_full  avia-builder-el-first   container_wrap sidebar_right' style='background-color: #003293;  '  ><div class='container' ><main  role=\"main\" itemprop=\"mainContentOfPage\"  class='template-page content  av-content-small alpha units'><div class='post-entry post-entry-type-page post-entry-751'><div class='entry-content-wrapper clearfix'><\/div><\/div><\/main><!-- close content main element --><\/div><\/div><div id='after_section_1'  class='main_color av_default_container_wrap container_wrap sidebar_right' style=' '  ><div class='container' ><div class='template-page content  av-content-small alpha units'><div class='post-entry post-entry-type-page post-entry-751'><div class='entry-content-wrapper clearfix'>\n<div class=\"flex_column av_one_full  flex_column_div av-zero-column-padding first  avia-builder-el-1  el_after_av_section  avia-builder-el-no-sibling  \" style='border-radius:0px; '><p><div  style='padding-bottom:0px; margin:0 0 0.7em 0; font-size:53px;' class='av-special-heading av-special-heading-h3  blockquote modern-quote  avia-builder-el-2  el_before_av_textblock  avia-builder-el-first  av-inherit-size '><h3 class='av-special-heading-tag '  itemprop=\"headline\"  >\u0130\u015f Yeri Sigortas\u0131<\/h3><div class='special-heading-border'><div class='special-heading-inner-border' ><\/div><\/div><\/div><br \/>\n<section class=\"av_textblock_section \"  itemscope=\"itemscope\" itemtype=\"https:\/\/schema.org\/CreativeWork\" ><div class='avia_textblock  '   itemprop=\"text\" ><p>Bu sigorta ile, i\u015fyeri binan\u0131z\u0131, makine, demirba\u015f, emtea vb. sigortalanabilir t\u00fcm de\u011ferlerinizi a\u015fa\u011f\u0131da bahsi ge\u00e7en rizikolara kar\u015f\u0131 sigorta g\u00fcvencesi alt\u0131na alabilirsiniz. \u0130stenildi\u011fi takdirde a\u015fa\u011f\u0131da listelenen ek teminatlar\u0131n da eklemenizi sa\u011flamak sureti ile ihtiya\u00e7lar\u0131n\u0131za en uygun alternatifleri bu poli\u00e7e ile sizlere sunmaktay\u0131z.<\/p>\n<p><strong>Bu \u00fcr\u00fcn ile teminat alt\u0131na al\u0131nabilecek i\u015fyerleri<\/strong><\/p>\n<p>\u2022 Sat\u0131\u015f Yerleri<br \/>\n\u2022 At\u00f6lyeler<br \/>\n\u2022 Depolar<br \/>\n\u2022 Fabrikalar<br \/>\n\u2022 \u0130malathaneler<br \/>\n\u2022 \u00d6zellik Arz eden Yerler<\/p>\n<p><strong>Teminatlar<\/strong><\/p>\n<p>Yang\u0131n, Y\u0131ld\u0131r\u0131m, \u0130nfilak<br \/>\n\u2022 Dahili Su<br \/>\n\u2022 F\u0131rt\u0131na<br \/>\n\u2022 Kara Ta\u015f\u0131tlar\u0131 \u00c7arpmas\u0131<br \/>\n\u2022 Hava Ta\u015f\u0131tlar\u0131 \u00c7arpmas\u0131<br \/>\n\u2022 Yer Kaymas\u0131<br \/>\n\u2022 Duman<br \/>\n\u2022 Grev, Lokavt, Karga\u015fal\u0131k, Halk hareketleri<br \/>\n\u2022 K\u00f6t\u00fc Niyetli Hareketler, Ter\u00f6r<br \/>\n\u2022 Kira Kayb\u0131<br \/>\n\u2022 \u0130\u015fyeri de\u011fi\u015fikli\u011fi masraflar\u0131 (hasar nedeni ile)<br \/>\n\u2022 \u0130\u015f Durmas\u0131<br \/>\n\u2022 Yang\u0131n Mali Mesuliyet<\/p>\n<h4><strong>Akaryak\u0131t Yang\u0131n Paketi<\/strong><\/h4>\n<p>Akaryak\u0131t istasyonlar\u0131n\u0131n t\u00fcm ihtiya\u00e7lar\u0131na cevap veren sigorta poli\u00e7esi a\u015fa\u011f\u0131daki risklere kar\u015f\u0131 i\u015fyerinizi g\u00fcvence alt\u0131na al\u0131r.<\/p>\n<h4><strong>Otel Paket Yang\u0131n Paketi<\/strong><\/h4>\n<p>Neova Sigortadan otellerin her t\u00fcrl\u00fc ihtiyac\u0131n\u0131 kar\u015f\u0131layan ve farkl\u0131 teminatlar\u0131 \u00e7ok daha uygun ko\u015fullarda m\u00fc\u015fterilerine sunan \u00f6zel bir poli\u00e7e. Bu sigorta ile otel, tatil k\u00f6y\u00fc gibi tesislerin binalar\u0131n\u0131, demirba\u015f, makine-tesisat, emtia, kasa muhteviyat\u0131, odalarda ve emanete b\u0131rak\u0131lan e\u015fyalar\u0131, camlar\u0131n\u0131, tesisinizde konaklayan m\u00fc\u015fterilerinizi, \u00e7al\u0131\u015fanlar\u0131n\u0131z\u0131 ve \u00fc\u00e7\u00fcnc\u00fc ki\u015fileri sigorta g\u00fcvencesi alt\u0131na alabilirsiniz.<\/p>\n<p><strong>Geni\u015f Kapsaml\u0131 Yang\u0131n Paketi<\/strong><\/p>\n<p>\u0130\u015fyerlerinizin binalar\u0131n\u0131, demirba\u015f, makine-tesisat, emtia, kasa muhteviyat\u0131, camlar\u0131n\u0131, \u00e7al\u0131\u015fanlar\u0131n\u0131z\u0131 ve \u00fc\u00e7\u00fcnc\u00fc ki\u015fileri sigorta g\u00fcvencesi alt\u0131na alabilirsiniz. Ayr\u0131ca bu poli\u00e7e ile makine k\u0131r\u0131lmas\u0131 ve elektronik cihaz sigortas\u0131 teminatlar\u0131na da ba\u015fka bir poli\u00e7eye ihtiya\u00e7 duymadan sat\u0131n alabilirsiniz.<\/p>\n<\/div><\/section><\/p><\/div>\n","protected":false},"excerpt":{"rendered":"","protected":false},"author":1,"featured_media":0,"parent":0,"menu_order":0,"comment_status":"closed","ping_status":"closed","template":"","meta":{"footnotes":""},"class_list":["post-751","page","type-page","status-publish","hentry"],"_links":{"self":[{"href":"https:\/\/www.kutlucansigorta.com\/tr\/wp-json\/wp\/v2\/pages\/751","targetHints":{"allow":["GET"]}}],"collection":[{"href":"https:\/\/www.kutlucansigorta.com\/tr\/wp-json\/wp\/v2\/pages"}],"about":[{"href":"https:\/\/www.kutlucansigorta.com\/tr\/wp-json\/wp\/v2\/types\/page"}],"author":[{"embeddable":true,"href":"https:\/\/www.kutlucansigorta.com\/tr\/wp-json\/wp\/v2\/users\/1"}],"replies":[{"embeddable":true,"href":"https:\/\/www.kutlucansigorta.com\/tr\/wp-json\/wp\/v2\/comments?post=751"}],"version-history":[{"count":1,"href":"https:\/\/www.kutlucansigorta.com\/tr\/wp-json\/wp\/v2\/pages\/751\/revisions"}],"predecessor-version":[{"id":752,"href":"https:\/\/www.kutlucansigorta.com\/tr\/wp-json\/wp\/v2\/pages\/751\/revisions\/752"}],"wp:attachment":[{"href":"https:\/\/www.kutlucansigorta.com\/tr\/wp-json\/wp\/v2\/media?parent=751"}],"curies":[{"name":"wp","href":"https:\/\/api.w.org\/{rel}","templated":true}]}}