{"id":743,"date":"2021-08-05T00:35:57","date_gmt":"2021-08-05T00:35:57","guid":{"rendered":"https:\/\/www.kutlucansigorta.com\/tr\/?page_id=743"},"modified":"2021-08-05T00:35:57","modified_gmt":"2021-08-05T00:35:57","slug":"konut-sigortasi","status":"publish","type":"page","link":"https:\/\/www.kutlucansigorta.com\/tr\/konut-sigortasi\/","title":{"rendered":"Konut Sigortas\u0131"},"content":{"rendered":"<div id='av_section_1'  class='avia-section main_color avia-section-small avia-no-border-styling  avia-bg-style-scroll  avia-builder-el-0  el_before_av_one_full  avia-builder-el-first   container_wrap sidebar_right' style='background-color: #003293;  '  ><div class='container' ><main  role=\"main\" itemprop=\"mainContentOfPage\"  class='template-page content  av-content-small alpha units'><div class='post-entry post-entry-type-page post-entry-743'><div class='entry-content-wrapper clearfix'><\/div><\/div><\/main><!-- close content main element --><\/div><\/div><div id='after_section_1'  class='main_color av_default_container_wrap container_wrap sidebar_right' style=' '  ><div class='container' ><div class='template-page content  av-content-small alpha units'><div class='post-entry post-entry-type-page post-entry-743'><div class='entry-content-wrapper clearfix'>\n<div class=\"flex_column av_one_full  flex_column_div av-zero-column-padding first  avia-builder-el-1  el_after_av_section  avia-builder-el-no-sibling  \" style='border-radius:0px; '><p><div  style='padding-bottom:0px; margin:0 0 0.7em 0; font-size:53px;' class='av-special-heading av-special-heading-h3  blockquote modern-quote  avia-builder-el-2  el_before_av_textblock  avia-builder-el-first  av-inherit-size '><h3 class='av-special-heading-tag '  itemprop=\"headline\"  >Konut Sigortas\u0131<\/h3><div class='special-heading-border'><div class='special-heading-inner-border' ><\/div><\/div><\/div><br \/>\n<section class=\"av_textblock_section \"  itemscope=\"itemscope\" itemtype=\"https:\/\/schema.org\/CreativeWork\" ><div class='avia_textblock  '   itemprop=\"text\" ><p>Kirac\u0131 ya da ev sahibi olman\u0131z hi\u00e7 fark etmez, Neova Konut sigortan\u0131z var ise eviniz teminat\u0131m\u0131z alt\u0131nda&#8230;<\/p>\n<p><strong>Teminatlar<\/strong><\/p>\n<ul>\n<li>Yang\u0131n, Y\u0131ld\u0131r\u0131m, \u0130nfilak,<\/li>\n<li>E\u015fya i\u00e7in H\u0131rs\u0131zl\u0131k,<\/li>\n<li>Bina Sabit Tesisat i\u00e7in H\u0131rs\u0131zl\u0131k,<\/li>\n<li>Grev, Lokavt, Karga\u015fal\u0131k, Halk Hareketleri, K\u00f6t\u00fc Niyetli Hareketler ve Ter\u00f6r,<\/li>\n<li>Sel ve Su Bask\u0131n\u0131,<\/li>\n<li>Dahili su,<\/li>\n<li>Kara Ta\u015f\u0131tlar\u0131 \u00c7arpmas\u0131,<\/li>\n<li>Hava Ta\u015f\u0131tlar\u0131 \u00c7arpmas\u0131,<\/li>\n<li>Duman,<\/li>\n<li>F\u0131rt\u0131na,<\/li>\n<li>Dolu,<\/li>\n<li>Kar A\u011f\u0131rl\u0131\u011f\u0131,<\/li>\n<li>Yer Kaymas\u0131 \/ Kaz\u0131 Sonucu Yer Kaymas\u0131,<\/li>\n<li>Kira Kayb\u0131,<\/li>\n<li>Kom\u015fuluk Mali Mesuliyet,<\/li>\n<li>Kirac\u0131 Mali Mesuliyet,<\/li>\n<li>Malikin Kirac\u0131ya Mali Mesuliyet,<\/li>\n<li>Enflasyon,<\/li>\n<li>Sigortal\u0131ya Ait E\u015fyalar\u0131n Ta\u015f\u0131nmas\u0131 Veya Konut D\u0131\u015f\u0131nda Depolanmas\u0131<\/li>\n<li>Nakil Halindeki Ev E\u015fyalar\u0131 Teminat\u0131,<\/li>\n<li>\u0130kametgah De\u011fi\u015fikli\u011fi Masraflar\u0131,<\/li>\n<li>Enkaz Kald\u0131rma Masraflar\u0131,<\/li>\n<li>Kirac\u0131 Taraf\u0131ndan Yap\u0131lan Boya Badana vb. Masraflar,<\/li>\n<li>\u0130zolasyon Hasarlar\u0131,<\/li>\n<li>Uydu Anteni, G\u00fcne\u015f Kolekt\u00f6r\u00fc, Panjur Teminat\u0131,<\/li>\n<li>Yak\u0131t S\u0131zmalar\u0131n\u0131n Do\u011frudan Sebep Olaca\u011f\u0131 Zararlar\u0131,<\/li>\n<li>Kapka\u00e7 Teminat\u0131,<\/li>\n<li>Ferdi Kaza,<\/li>\n<li>\u00dc\u00e7\u00fcnc\u00fc \u015eah\u0131s Mali Mesuliyet,<\/li>\n<li>Hukuksal Korunma,<\/li>\n<li>Elektrik Hasarlar\u0131 ve Elektrik Hasarlar\u0131na Ba\u011fl\u0131 G\u0131da Bozulmas\u0131,<\/li>\n<li>Elektrik Motorlar\u0131 i\u00e7in Bozulma Teminat\u0131,<\/li>\n<li>G\u00f6rsel ve \u0130\u015fitsel Cihazlar Kazaen K\u0131r\u0131lma,<\/li>\n<li>Peyzaj Teminat\u0131,<\/li>\n<li>Bina ve Ev E\u015fyalar\u0131 i\u00e7in Yeni De\u011fer Teminat\u0131,<\/li>\n<li>Konut Yard\u0131m Hizmetleri,<\/li>\n<li>Kanuni Sorumluluk<\/li>\n<\/ul>\n<\/div><\/section><\/p><\/div>\n","protected":false},"excerpt":{"rendered":"","protected":false},"author":1,"featured_media":0,"parent":0,"menu_order":0,"comment_status":"closed","ping_status":"closed","template":"","meta":{"footnotes":""},"class_list":["post-743","page","type-page","status-publish","hentry"],"_links":{"self":[{"href":"https:\/\/www.kutlucansigorta.com\/tr\/wp-json\/wp\/v2\/pages\/743","targetHints":{"allow":["GET"]}}],"collection":[{"href":"https:\/\/www.kutlucansigorta.com\/tr\/wp-json\/wp\/v2\/pages"}],"about":[{"href":"https:\/\/www.kutlucansigorta.com\/tr\/wp-json\/wp\/v2\/types\/page"}],"author":[{"embeddable":true,"href":"https:\/\/www.kutlucansigorta.com\/tr\/wp-json\/wp\/v2\/users\/1"}],"replies":[{"embeddable":true,"href":"https:\/\/www.kutlucansigorta.com\/tr\/wp-json\/wp\/v2\/comments?post=743"}],"version-history":[{"count":1,"href":"https:\/\/www.kutlucansigorta.com\/tr\/wp-json\/wp\/v2\/pages\/743\/revisions"}],"predecessor-version":[{"id":744,"href":"https:\/\/www.kutlucansigorta.com\/tr\/wp-json\/wp\/v2\/pages\/743\/revisions\/744"}],"wp:attachment":[{"href":"https:\/\/www.kutlucansigorta.com\/tr\/wp-json\/wp\/v2\/media?parent=743"}],"curies":[{"name":"wp","href":"https:\/\/api.w.org\/{rel}","templated":true}]}}