{"id":741,"date":"2021-08-05T00:35:01","date_gmt":"2021-08-05T00:35:01","guid":{"rendered":"https:\/\/www.kutlucansigorta.com\/tr\/?page_id=741"},"modified":"2021-08-05T00:35:01","modified_gmt":"2021-08-05T00:35:01","slug":"kasko-sigortasi","status":"publish","type":"page","link":"https:\/\/www.kutlucansigorta.com\/tr\/kasko-sigortasi\/","title":{"rendered":"Kasko Sigortas\u0131"},"content":{"rendered":"<div id='av_section_1'  class='avia-section main_color avia-section-small avia-no-border-styling  avia-bg-style-scroll  avia-builder-el-0  el_before_av_one_full  avia-builder-el-first   container_wrap sidebar_right' style='background-color: #003293;  '  ><div class='container' ><main  role=\"main\" itemprop=\"mainContentOfPage\"  class='template-page content  av-content-small alpha units'><div class='post-entry post-entry-type-page post-entry-741'><div class='entry-content-wrapper clearfix'><\/div><\/div><\/main><!-- close content main element --><\/div><\/div><div id='after_section_1'  class='main_color av_default_container_wrap container_wrap sidebar_right' style=' '  ><div class='container' ><div class='template-page content  av-content-small alpha units'><div class='post-entry post-entry-type-page post-entry-741'><div class='entry-content-wrapper clearfix'>\n<div class=\"flex_column av_one_full  flex_column_div av-zero-column-padding first  avia-builder-el-1  el_after_av_section  avia-builder-el-no-sibling  \" style='border-radius:0px; '><p><div  style='padding-bottom:0px; margin:0 0 0.7em 0; font-size:53px;' class='av-special-heading av-special-heading-h3  blockquote modern-quote  avia-builder-el-2  el_before_av_textblock  avia-builder-el-first  av-inherit-size '><h3 class='av-special-heading-tag '  itemprop=\"headline\"  >Kasko Sigortas\u0131<\/h3><div class='special-heading-border'><div class='special-heading-inner-border' ><\/div><\/div><\/div><br \/>\n<section class=\"av_textblock_section \"  itemscope=\"itemscope\" itemtype=\"https:\/\/schema.org\/CreativeWork\" ><div class='avia_textblock  '   itemprop=\"text\" ><p>Bu sigorta ile sigortac\u0131, sigortal\u0131n\u0131n poli\u00e7ede belirtilen ve karayolunda kullanma izni olan motorlu ve motorsuz kara ara\u00e7lar\u0131ndan, r\u00f6mork veya karavanlardan i\u015f makinelerinden, lastik tekerlekli trakt\u00f6rler, di\u011fer zirai tar\u0131m makinelerinden do\u011fan menfaatin a\u015fa\u011f\u0131da belirtilen risklerin ger\u00e7ekle\u015fmesi sonucunda do\u011frudan u\u011frayaca\u011f\u0131 maddi zararlar\u0131 teminat alt\u0131na al\u0131r.<\/p>\n<ul>\n<li>Arac\u0131n karayolunda veya demiryolunda kullan\u0131labilen motorlu, motorsuz ara\u00e7larla \u00e7arp\u0131\u015fmas\u0131,<\/li>\n<li>Gerek hareket gerek durma halinde iken sigortal\u0131n\u0131n veya arac\u0131 kullanan\u0131n iradesi d\u0131\u015f\u0131nda araca ani ve harici etkiler neticesinde sabit veya hareketli bir cismin \u00e7arpmas\u0131 veya arac\u0131n b\u00f6yle bir cisme \u00e7arpmas\u0131, devrilmesi, d\u00fc\u015fmesi, yuvarlanmas\u0131 gibi kazalar,<\/li>\n<li>\u00dc\u00e7\u00fcnc\u00fc ki\u015filerin k\u00f6t\u00fc niyet veya muziplikle yapt\u0131klar\u0131 hareketler ile fiil ehliyetine sahip olmayan ki\u015filerin yol a\u00e7aca\u011f\u0131 zararlar,<\/li>\n<li>Arac\u0131n yanmas\u0131,<\/li>\n<li>Arac\u0131n veya ara\u00e7 par\u00e7alar\u0131n\u0131n \u00e7al\u0131nmas\u0131 veya \u00e7al\u0131nmaya te\u015febb\u00fcs edilmesi<\/li>\n<\/ul>\n<p><strong>Geni\u015fletilmi\u015f Kasko:\u00a0<\/strong>Yukar\u0131daki teminat gruplar\u0131n\u0131n tamam\u0131 ve bu genel \u015fartlarda ek s\u00f6zle\u015fme ile teminat kapsam\u0131na dahil edilebilecek risklerden bir k\u0131sm\u0131 i\u00e7in teminat\u0131n verildi\u011fi \u00fcr\u00fcnd\u00fcr.<\/p>\n<\/div><\/section><\/p><\/div>\n","protected":false},"excerpt":{"rendered":"","protected":false},"author":1,"featured_media":0,"parent":0,"menu_order":0,"comment_status":"closed","ping_status":"closed","template":"","meta":{"footnotes":""},"class_list":["post-741","page","type-page","status-publish","hentry"],"_links":{"self":[{"href":"https:\/\/www.kutlucansigorta.com\/tr\/wp-json\/wp\/v2\/pages\/741","targetHints":{"allow":["GET"]}}],"collection":[{"href":"https:\/\/www.kutlucansigorta.com\/tr\/wp-json\/wp\/v2\/pages"}],"about":[{"href":"https:\/\/www.kutlucansigorta.com\/tr\/wp-json\/wp\/v2\/types\/page"}],"author":[{"embeddable":true,"href":"https:\/\/www.kutlucansigorta.com\/tr\/wp-json\/wp\/v2\/users\/1"}],"replies":[{"embeddable":true,"href":"https:\/\/www.kutlucansigorta.com\/tr\/wp-json\/wp\/v2\/comments?post=741"}],"version-history":[{"count":1,"href":"https:\/\/www.kutlucansigorta.com\/tr\/wp-json\/wp\/v2\/pages\/741\/revisions"}],"predecessor-version":[{"id":742,"href":"https:\/\/www.kutlucansigorta.com\/tr\/wp-json\/wp\/v2\/pages\/741\/revisions\/742"}],"wp:attachment":[{"href":"https:\/\/www.kutlucansigorta.com\/tr\/wp-json\/wp\/v2\/media?parent=741"}],"curies":[{"name":"wp","href":"https:\/\/api.w.org\/{rel}","templated":true}]}}