{"id":730,"date":"2021-08-04T23:59:13","date_gmt":"2021-08-04T23:59:13","guid":{"rendered":"https:\/\/www.kutlucansigorta.com\/tr\/?page_id=730"},"modified":"2021-08-05T00:04:58","modified_gmt":"2021-08-05T00:04:58","slug":"ferdi-kaza-sigortasi","status":"publish","type":"page","link":"https:\/\/www.kutlucansigorta.com\/tr\/ferdi-kaza-sigortasi\/","title":{"rendered":"Ferdi Kaza Sigortas\u0131"},"content":{"rendered":"<div id='av_section_1'  class='avia-section main_color avia-section-small avia-no-border-styling  avia-bg-style-scroll  avia-builder-el-0  el_before_av_one_full  avia-builder-el-first   container_wrap sidebar_right' style='background-color: #003293;  '  ><div class='container' ><main  role=\"main\" itemprop=\"mainContentOfPage\"  class='template-page content  av-content-small alpha units'><div class='post-entry post-entry-type-page post-entry-730'><div class='entry-content-wrapper clearfix'><\/div><\/div><\/main><!-- close content main element --><\/div><\/div><div id='after_section_1'  class='main_color av_default_container_wrap container_wrap sidebar_right' style=' '  ><div class='container' ><div class='template-page content  av-content-small alpha units'><div class='post-entry post-entry-type-page post-entry-730'><div class='entry-content-wrapper clearfix'>\n<div class=\"flex_column av_one_full  flex_column_div av-zero-column-padding first  avia-builder-el-1  el_after_av_section  avia-builder-el-no-sibling  \" style='border-radius:0px; '><p><div  style='padding-bottom:0px; margin:0 0 0.7em 0; font-size:53px;' class='av-special-heading av-special-heading-h3  blockquote modern-quote  avia-builder-el-2  el_before_av_textblock  avia-builder-el-first  av-inherit-size '><h3 class='av-special-heading-tag '  itemprop=\"headline\"  >Ferdi Kaza Sigortas\u0131<\/h3><div class='special-heading-border'><div class='special-heading-inner-border' ><\/div><\/div><\/div><br \/>\n<section class=\"av_textblock_section \"  itemscope=\"itemscope\" itemtype=\"https:\/\/schema.org\/CreativeWork\" ><div class='avia_textblock  '   itemprop=\"text\" ><p>Sigortal\u0131 ki\u015fi, kendi iradesi d\u0131\u015f\u0131nda meydana gelebilecek ani ve harici kazalara kar\u015f\u0131 teminat alt\u0131na al\u0131n\u0131r.<\/p>\n<p><strong>Teminatlar<\/strong><\/p>\n<ul>\n<li><strong>\u00d6l\u00fcm:<\/strong>\u00a0Bu teminat ile herhangi bir kaza sonucu vefat eden sigortal\u0131n\u0131n, kanuni varislerine \u00f6denen tazminat\u0131 i\u00e7ermektedir.16 ya\u015f\u0131ndan k\u00fc\u00e7\u00fckler i\u00e7in i\u015fbu teminat sadece cenaze masraflar\u0131 ile ve limitlidir.<\/li>\n<li><strong>S\u00fcrekli Sakatl\u0131k:<\/strong>\u00a0Bu teminat ile herhangi bir kaza sonucu s\u00fcrekli bir sakatl\u0131\u011fa maruz kalan sigortal\u0131ya, u\u011frad\u0131\u011f\u0131 sakatl\u0131k derecesine g\u00f6re tazminat \u00f6denir.<\/li>\n<\/ul>\n<p><strong>\u0130ste\u011fe Ba\u011fl\u0131 Al\u0131nabilecek Teminatlar<\/strong><\/p>\n<p>Genel \u015eartlar Madde 6\/g gere\u011fi; 5 inci maddenin e bendinde belirtilen zararlar ve ayn\u0131 maddenin g bendinde belirtilen ter\u00f6r ve sabotaj eylemlerine kat\u0131lma hali hari\u00e7 olmak \u00fczere, 3713 say\u0131l\u0131 Ter\u00f6rle M\u00fccadele Kanununda belirtilen ter\u00f6r eylemleri ve sabotaj sonucunda olu\u015fan veya bu eylemleri \u00f6nlemek ve etkilerini azaltmak amac\u0131yla yetkili organlar taraf\u0131ndan yap\u0131lan m\u00fcdahaleler teminata dahildir.<\/p>\n<p>Genel \u015eartlar Madde 6\/f gere\u011fi; deprem sonucu olu\u015fan hasarlar teminata dahildir.<\/p>\n<ul>\n<li>Ferdi Kaza Ter\u00f6r Teminat\u0131<\/li>\n<li>Ferdi Kaza Deprem Teminat\u0131<\/li>\n<\/ul>\n<p><strong>Neo Kredi Ferdi Kaza<\/strong><\/p>\n<p>Neova Sigorta uzun s\u00fcreli azalan bakiyeli kredileriniz i\u00e7in yepyeni bir ferdi kaza sigortas\u0131 sunuyor.<\/p>\n<p><strong>Ana Teminatlar<\/strong><\/p>\n<ul>\n<li>\u00d6l\u00fcm<\/li>\n<li>S\u00fcrekli Sakatl\u0131k<\/li>\n<\/ul>\n<p><strong>\u0130ste\u011fe Ba\u011fl\u0131 Al\u0131nabilecek Teminatlar<\/strong><\/p>\n<ul>\n<li>Ferdi Kaza Deprem<\/li>\n<li>Ferdi Kaza Ter\u00f6r<\/li>\n<\/ul>\n<h4><strong>Neo Grup Ferdi Kaza Sigortas\u0131<\/strong><\/h4>\n<p>Neo Grup Ferdi Kaza Sigortas\u0131, gruptaki ki\u015filerin veya kurum \u00e7al\u0131\u015fanlar\u0131n\u0131n herhangi bir kaza riskine kar\u015f\u0131 g\u00fcvence alt\u0131na almakta olup kaza sonucu vefat ve s\u00fcrekli sakatl\u0131k riskine kar\u015f\u0131 teminat sa\u011flar.<\/p>\n<p><strong>Teminatlar<\/strong><\/p>\n<ul>\n<li><strong>\u00d6l\u00fcm :<\/strong>\u00a0Bu teminat ile, herhangi bir kaza sonucu vefat eden sigortal\u0131n\u0131n, kanuni varislerine \u00f6denen tazminat\u0131 i\u00e7ermektedir.16 ya\u015f\u0131ndan k\u00fc\u00e7\u00fckler i\u00e7in i\u015fbu teminat sadece cenaze masraflar\u0131 ile ve limitlidir.<\/li>\n<li><strong>S\u00fcrekli Sakatl\u0131k :<\/strong>\u00a0Bu teminat ile herhangi bir kaza sonucu s\u00fcrekli bir sakatl\u0131\u011fa maruz kalan sigortal\u0131ya, u\u011frad\u0131\u011f\u0131 sakatl\u0131k derecesine g\u00f6re tazminat \u00f6denir.<\/li>\n<\/ul>\n<p><strong>\u0130ste\u011fe Ba\u011fl\u0131 Al\u0131nabilecek Teminatlar<\/strong><\/p>\n<ul>\n<li><strong>Ferdi Kaza Ter\u00f6r Teminat\u0131<\/strong>Genel \u015eartlar Madde 6\/g gere\u011fi; 5 inci maddenin e bendinde belirtilen zararlar ve ayn\u0131 maddenin g bendinde belirtilen ter\u00f6r ve sabotaj eylemlerine kat\u0131lma hali hari\u00e7 olmak \u00fczere, 3713 say\u0131l\u0131 Ter\u00f6rle M\u00fccadele Kanununda belirtilen ter\u00f6r eylemleri ve sabotaj sonucunda olu\u015fan veya bu eylemleri \u00f6nlemek ve etkilerini azaltmak amac\u0131yla yetkili organlar taraf\u0131ndan yap\u0131lan m\u00fcdahaleler teminata dahildir.<\/li>\n<li><strong>Ferdi Kaza Deprem Teminat\u0131<\/strong>Genel \u015eartlar Madde 6\/f gere\u011fi; deprem sonucu olu\u015fan hasarlar teminata dahildir.<\/li>\n<\/ul>\n<\/div><\/section><\/p><\/div>\n","protected":false},"excerpt":{"rendered":"","protected":false},"author":1,"featured_media":0,"parent":0,"menu_order":0,"comment_status":"closed","ping_status":"closed","template":"","meta":{"footnotes":""},"class_list":["post-730","page","type-page","status-publish","hentry"],"_links":{"self":[{"href":"https:\/\/www.kutlucansigorta.com\/tr\/wp-json\/wp\/v2\/pages\/730","targetHints":{"allow":["GET"]}}],"collection":[{"href":"https:\/\/www.kutlucansigorta.com\/tr\/wp-json\/wp\/v2\/pages"}],"about":[{"href":"https:\/\/www.kutlucansigorta.com\/tr\/wp-json\/wp\/v2\/types\/page"}],"author":[{"embeddable":true,"href":"https:\/\/www.kutlucansigorta.com\/tr\/wp-json\/wp\/v2\/users\/1"}],"replies":[{"embeddable":true,"href":"https:\/\/www.kutlucansigorta.com\/tr\/wp-json\/wp\/v2\/comments?post=730"}],"version-history":[{"count":7,"href":"https:\/\/www.kutlucansigorta.com\/tr\/wp-json\/wp\/v2\/pages\/730\/revisions"}],"predecessor-version":[{"id":736,"href":"https:\/\/www.kutlucansigorta.com\/tr\/wp-json\/wp\/v2\/pages\/730\/revisions\/736"}],"wp:attachment":[{"href":"https:\/\/www.kutlucansigorta.com\/tr\/wp-json\/wp\/v2\/media?parent=730"}],"curies":[{"name":"wp","href":"https:\/\/api.w.org\/{rel}","templated":true}]}}