{"id":241,"date":"2018-08-07T11:37:09","date_gmt":"2018-08-07T11:37:09","guid":{"rendered":"http:\/\/smallbiz\/?page_id=11"},"modified":"2021-08-05T01:27:37","modified_gmt":"2021-08-05T01:27:37","slug":"anasayfa","status":"publish","type":"page","link":"https:\/\/www.kutlucansigorta.com\/tr\/","title":{"rendered":"Kutlucan Sigorta Bursa"},"content":{"rendered":"<div id='layer_slider_1'  class='avia-layerslider main_color avia-shadow  avia-builder-el-0  el_before_av_section  avia-builder-el-first  container_wrap sidebar_right' style='  height: 801px; max-width: 1920px; margin: 0 auto;' ><\/div>\n<div id='av_section_1'  class='avia-section main_color avia-section-small avia-no-border-styling  avia-bg-style-scroll  avia-builder-el-1  el_after_av_layerslider  el_before_av_section   container_wrap sidebar_right' style='background-color: #0b0b5b;  '  ><div class='container' ><div class='template-page content  av-content-small alpha units'><div class='post-entry post-entry-type-page post-entry-241'><div class='entry-content-wrapper clearfix'>\n<div  class='avia-icon-grid-container    avia-builder-el-2  avia-builder-el-no-sibling  animationno'><ul id='avia-icongrid-69f66f4112b6e' class='clearfix avia-icongrid avia-icongrid-flipbox avia-icongrid-numrow-5 avia-icongrid-borders-none avia_animate_when_almost_visible' >\n<li><a href='https:\/\/www.kutlucansigorta.com\/tr\/kasko-sigortasi\/' title='KASKO'  class='avia-icongrid-wrapper' ><article  class=\"article-icon-entry av-icongrid-empty\"  itemscope=\"itemscope\" itemtype=\"https:\/\/schema.org\/CreativeWork\" ><div class='avia-icongrid-front' ><div class='avia-icongrid-inner'><div style='color:#ffffff; ' class='avia-icongrid-icon  avia-font-fontawesome5free-solid'><span class='icongrid-char ' aria-hidden='true' data-av_icon='\uf5e1' data-av_iconfont='fontawesome5free-solid'><\/span><\/div><header class=\"entry-content-header\"><h4 class='av_icongrid_title icongrid_title  '  itemprop=\"headline\"  style='color:#ffffff; '>KASKO<\/h4><\/header><\/div><\/div><div class='avia-icongrid-content' ><div class='avia-icongrid-inner' style='color:#ffffff; '><div class='avia-icongrid-text '  itemprop=\"text\" ><\/div><\/div><\/div><\/article><\/a><\/li>\n<li><a href='https:\/\/www.kutlucansigorta.com\/tr\/trafik-sigortasi\/' title='TRAF\u0130K S\u0130GORTASI'  class='avia-icongrid-wrapper' ><article  class=\"article-icon-entry av-icongrid-empty\"  itemscope=\"itemscope\" itemtype=\"https:\/\/schema.org\/CreativeWork\" ><div class='avia-icongrid-front' ><div class='avia-icongrid-inner'><div style='color:#ffffff; ' class='avia-icongrid-icon  avia-font-fontawesome5free-solid'><span class='icongrid-char ' aria-hidden='true' data-av_icon='\uf5e4' data-av_iconfont='fontawesome5free-solid'><\/span><\/div><header class=\"entry-content-header\"><h4 class='av_icongrid_title icongrid_title  '  itemprop=\"headline\"  style='color:#ffffff; '>TRAF\u0130K S\u0130GORTASI<\/h4><\/header><\/div><\/div><div class='avia-icongrid-content' ><div class='avia-icongrid-inner' style='color:#ffffff; '><div class='avia-icongrid-text '  itemprop=\"text\" ><\/div><\/div><\/div><\/article><\/a><\/li>\n<li><a href='https:\/\/www.kutlucansigorta.com\/tr\/zorunlu-deprem-sigortasi\/' title='DEPREM S\u0130GORTASI'  class='avia-icongrid-wrapper' ><article  class=\"article-icon-entry av-icongrid-empty\"  itemscope=\"itemscope\" itemtype=\"https:\/\/schema.org\/CreativeWork\" ><div class='avia-icongrid-front' ><div class='avia-icongrid-inner'><div style='color:#ffffff; ' class='avia-icongrid-icon  avia-font-fontawesome5free-solid'><span class='icongrid-char ' aria-hidden='true' data-av_icon='\uf64f' data-av_iconfont='fontawesome5free-solid'><\/span><\/div><header class=\"entry-content-header\"><h4 class='av_icongrid_title icongrid_title  '  itemprop=\"headline\"  style='color:#ffffff; '>DEPREM S\u0130GORTASI<\/h4><\/header><\/div><\/div><div class='avia-icongrid-content' ><div class='avia-icongrid-inner' style='color:#ffffff; '><div class='avia-icongrid-text '  itemprop=\"text\" ><\/div><\/div><\/div><\/article><\/a><\/li>\n<li><a href='https:\/\/www.kutlucansigorta.com\/tr\/saglik-sigortasi\/' title='SA\u011eLIK S\u0130GORTASI'  class='avia-icongrid-wrapper' ><article  class=\"article-icon-entry av-icongrid-empty\"  itemscope=\"itemscope\" itemtype=\"https:\/\/schema.org\/CreativeWork\" ><div class='avia-icongrid-front' ><div class='avia-icongrid-inner'><div style='color:#ffffff; ' class='avia-icongrid-icon  avia-font-fontawesome5free-solid'><span class='icongrid-char ' aria-hidden='true' data-av_icon='\uf4be' data-av_iconfont='fontawesome5free-solid'><\/span><\/div><header class=\"entry-content-header\"><h4 class='av_icongrid_title icongrid_title  '  itemprop=\"headline\"  style='color:#ffffff; '>SA\u011eLIK S\u0130GORTASI<\/h4><\/header><\/div><\/div><div class='avia-icongrid-content' ><div class='avia-icongrid-inner' style='color:#ffffff; '><div class='avia-icongrid-text '  itemprop=\"text\" ><\/div><\/div><\/div><\/article><\/a><\/li>\n<li><a href='https:\/\/www.kutlucansigorta.com\/tr\/tarim-sigortasi\/' title='TARIM S\u0130GORTASI'  class='avia-icongrid-wrapper' ><article  class=\"article-icon-entry av-icongrid-empty\"  itemscope=\"itemscope\" itemtype=\"https:\/\/schema.org\/CreativeWork\" ><div class='avia-icongrid-front' ><div class='avia-icongrid-inner'><div style='color:#ffffff; ' class='avia-icongrid-icon  avia-font-fontawesome5free-solid'><span class='icongrid-char ' aria-hidden='true' data-av_icon='\uf4d8' data-av_iconfont='fontawesome5free-solid'><\/span><\/div><header class=\"entry-content-header\"><h4 class='av_icongrid_title icongrid_title  '  itemprop=\"headline\"  style='color:#ffffff; '>TARIM S\u0130GORTASI<\/h4><\/header><\/div><\/div><div class='avia-icongrid-content' ><div class='avia-icongrid-inner' style='color:#ffffff; '><div class='avia-icongrid-text '  itemprop=\"text\" ><\/div><\/div><\/div><\/article><\/a><\/li>\n<\/ul><\/div>\n\n<\/div><\/div><\/div><!-- close content main div --><\/div><\/div><div id='work'  class='avia-section main_color avia-section-huge avia-shadow  avia-bg-style-scroll  avia-builder-el-3  el_after_av_section  avia-builder-el-last   container_wrap sidebar_right' style='background-repeat: no-repeat; background-image: url(https:\/\/www.kutlucansigorta.com\/tr\/wp-content\/uploads\/2021\/02\/bg-slide-01.jpg);background-attachment: scroll; background-position: top center;  '  data-section-bg-repeat='no-repeat'><div class='container' ><div class='template-page content  av-content-small alpha units'><div class='post-entry post-entry-type-page post-entry-241'><div class='entry-content-wrapper clearfix'>\n<div  style='padding-bottom:0px; margin:0 0 0.7em 0; color:#ffffff;font-size:53px;' class='av-special-heading av-special-heading-h3 custom-color-heading blockquote modern-quote modern-right  avia-builder-el-4  el_before_av_textblock  avia-builder-el-first  av-inherit-size '><h3 class='av-special-heading-tag '  itemprop=\"headline\"  >Her Zaman Yan\u0131n\u0131zda&#8230;<\/h3><div class='special-heading-border'><div class='special-heading-inner-border' style='border-color:#ffffff'><\/div><\/div><\/div>\n<section class=\"av_textblock_section \"  itemscope=\"itemscope\" itemtype=\"https:\/\/schema.org\/CreativeWork\" ><div class='avia_textblock  av_inherit_color '  style='font-size:28px; color:#ffffff; '  itemprop=\"text\" ><p style=\"text-align: right;\">\u0130htiya\u00e7 duydu\u011funuz her an yan\u0131n\u0131zday\u0131z.<\/p>\n<\/div><\/section>\n<div class=\"flex_column av_two_third  flex_column_div av-zero-column-padding first  avia-builder-el-6  el_after_av_textblock  el_before_av_one_third  column-top-margin\" style='border-radius:0px; '><\/div><div class=\"flex_column av_one_third  flex_column_div   avia-builder-el-7  el_after_av_two_third  avia-builder-el-last  column-top-margin\" style='background: #0f0f9b; box-shadow: 0 0 10px 0 #0a0a0a; padding:30px 20px 30px 20px ; background-color:#0f0f9b; border-radius:20px; '><p><div  style='padding-bottom:20px; margin:0 0 0.7em 0; color:#ffffff;font-size:40px;' class='av-special-heading av-special-heading-h3 custom-color-heading blockquote modern-quote modern-centered  avia-builder-el-8  el_before_av_textblock  avia-builder-el-first  av-inherit-size '><h3 class='av-special-heading-tag '  itemprop=\"headline\"  >Biz Sizi Arayal\u0131m<\/h3><div class='special-heading-border'><div class='special-heading-inner-border' style='border-color:#ffffff'><\/div><\/div><\/div><br \/>\n<section class=\"av_textblock_section \"  itemscope=\"itemscope\" itemtype=\"https:\/\/schema.org\/CreativeWork\" ><div class='avia_textblock  av_inherit_color '  style='font-size:14px; color:#ffffff; '  itemprop=\"text\" ><p style=\"text-align: center;\">Talepleriniz i\u00e7in l\u00fctfen telefon numaran\u0131z\u0131 b\u0131rak\u0131n.<\/p>\n<\/div><\/section><br \/>\n<form action=\"https:\/\/www.kutlucansigorta.com\/tr\/\" method=\"post\"  class=\"avia_ajax_form av-form-labels-visible   avia-builder-el-10  el_after_av_textblock  avia-builder-el-last   \" data-avia-form-id=\"1\" data-avia-redirect='' ><fieldset><p class='  first_form  form_element form_fullwidth' id='element_avia_1_1'><label for=\"avia_1_1\">Ad\u0131n\u0131z Soyad\u0131n\u0131z <abbr class=\"required\" title=\"Zorunlu\">*<\/abbr><\/label> <input name=\"avia_1_1\" class=\"text_input is_empty\" type=\"text\" id=\"avia_1_1\" value=\"\" \/><\/p><p class='  first_form  form_element form_fullwidth av-last-visible-form-element' id='element_avia_2_1'><label for=\"avia_2_1\">Telefon Numaran\u0131z <abbr class=\"required\" title=\"Zorunlu\">*<\/abbr><\/label> <input name=\"avia_2_1\" class=\"text_input is_phone\" type=\"text\" id=\"avia_2_1\" value=\"\" \/><\/p><p class=\"hidden\"><input type=\"text\" name=\"avia_3_1\" class=\"hidden \" id=\"avia_3_1\" value=\"\" \/><\/p><p class=\"form_element \"><input type=\"hidden\" value=\"1\" name=\"avia_generated_form1\" \/><input type=\"submit\" value=\"G\u00f6nder\" class=\"button\"  data-sending-label=\"G\u00f6nderiliyor\"\/><\/p><\/fieldset><\/form><div id=\"ajaxresponse_1\" class=\"ajaxresponse ajaxresponse_1 hidden\"><\/div><\/p><\/div>\n<\/div><\/div><\/div><!-- close content main div --><\/div><\/div><div id='after_section_2'  class='main_color av_default_container_wrap container_wrap sidebar_right' style=' '  ><div class='container' ><div class='template-page content  av-content-small alpha units'><div class='post-entry post-entry-type-page post-entry-241'><div class='entry-content-wrapper clearfix'>\n","protected":false},"excerpt":{"rendered":"","protected":false},"author":1,"featured_media":0,"parent":0,"menu_order":0,"comment_status":"closed","ping_status":"closed","template":"","meta":{"footnotes":""},"class_list":["post-241","page","type-page","status-publish","hentry"],"_links":{"self":[{"href":"https:\/\/www.kutlucansigorta.com\/tr\/wp-json\/wp\/v2\/pages\/241","targetHints":{"allow":["GET"]}}],"collection":[{"href":"https:\/\/www.kutlucansigorta.com\/tr\/wp-json\/wp\/v2\/pages"}],"about":[{"href":"https:\/\/www.kutlucansigorta.com\/tr\/wp-json\/wp\/v2\/types\/page"}],"author":[{"embeddable":true,"href":"https:\/\/www.kutlucansigorta.com\/tr\/wp-json\/wp\/v2\/users\/1"}],"replies":[{"embeddable":true,"href":"https:\/\/www.kutlucansigorta.com\/tr\/wp-json\/wp\/v2\/comments?post=241"}],"version-history":[{"count":89,"href":"https:\/\/www.kutlucansigorta.com\/tr\/wp-json\/wp\/v2\/pages\/241\/revisions"}],"predecessor-version":[{"id":786,"href":"https:\/\/www.kutlucansigorta.com\/tr\/wp-json\/wp\/v2\/pages\/241\/revisions\/786"}],"wp:attachment":[{"href":"https:\/\/www.kutlucansigorta.com\/tr\/wp-json\/wp\/v2\/media?parent=241"}],"curies":[{"name":"wp","href":"https:\/\/api.w.org\/{rel}","templated":true}]}}